{"id":11,"date":"2025-04-04T10:17:26","date_gmt":"2025-04-04T10:17:26","guid":{"rendered":"https:\/\/prettywomanhairtreatment.com\/?page_id=11"},"modified":"2025-04-16T09:33:23","modified_gmt":"2025-04-16T09:33:23","slug":"reembolso_devoluciones","status":"publish","type":"page","link":"https:\/\/prettywomanhairtreatment.com\/?page_id=11","title":{"rendered":"Pol\u00edtica de devoluciones y reembolsos"},"content":{"rendered":"<p>Los productos son enviados al cliente en el plazo de 48 horas laborables en Espa\u00f1a.<\/p><p>El env\u00edo es gratuito en pen\u00ednsula para los pedidos superiores a 55\u20ac.<\/p><p>Para pedidos inferiores a 55\u20ac el coste del env\u00edo es de 2\u20ac en la pen\u00ednsula, 6\u20ac en las Islas Baleares y 15\u20ac en otros pa\u00edses de Europa.<\/p><p>Cada entrega se considera efectuada, una vez el transportista ha puesto el producto a disposici\u00f3n del cliente y as\u00ed lo ha hecho constar en el sistema de control utilizado.<\/p><p>El cliente, en el mismo momento de recibir los productos, debe comprobar que la mercanc\u00eda corresponde con su compra y que su presentaci\u00f3n, estado, documentaci\u00f3n y embalaje son correctos. Es entonces cuando el cliente debe hacer constar su reclamaci\u00f3n en el albar\u00e1n de transporte y comunicarlo en el plazo de 24 horas desde la recepci\u00f3n de la mercanc\u00eda.<\/p><p>El cliente tambi\u00e9n tiene la posibilidad de rechazar el paquete, si este hubiera sido abierto o si tiene indicios patentes de deterioro.<\/p>","protected":false},"excerpt":{"rendered":"<p>Los productos son enviados al cliente en el plazo de 48 horas laborables en Espa\u00f1a. El env\u00edo es gratuito en pen\u00ednsula para los pedidos superiores a 55\u20ac. Para pedidos inferiores a 55\u20ac el coste del env\u00edo es de 2\u20ac en la pen\u00ednsula, 6\u20ac en las Islas Baleares y 15\u20ac en otros pa\u00edses de Europa. Cada [&hellip;]<\/p>\n","protected":false},"author":1,"featured_media":0,"parent":0,"menu_order":0,"comment_status":"closed","ping_status":"closed","template":"","meta":{"footnotes":""},"class_list":["post-11","page","type-page","status-publish","hentry"],"yoast_head":"<!-- This site is optimized with the Yoast SEO plugin v24.8.1 - https:\/\/yoast.com\/wordpress\/plugins\/seo\/ -->\n<title>Pol\u00edtica de devoluciones y reembolsos - PRETTY WOMAN HAIR TREATMENT<\/title>\n<meta name=\"robots\" content=\"index, follow, max-snippet:-1, max-image-preview:large, max-video-preview:-1\" \/>\n<link rel=\"canonical\" href=\"https:\/\/prettywomanhairtreatment.com\/?page_id=11\" \/>\n<meta property=\"og:locale\" content=\"es_ES\" \/>\n<meta property=\"og:type\" content=\"article\" \/>\n<meta property=\"og:title\" content=\"Pol\u00edtica de devoluciones y reembolsos - PRETTY WOMAN HAIR TREATMENT\" \/>\n<meta property=\"og:description\" content=\"Los productos son enviados al cliente en el plazo de 48 horas laborables en Espa\u00f1a. El env\u00edo es gratuito en pen\u00ednsula para los pedidos superiores a 55\u20ac. Para pedidos inferiores a 55\u20ac el coste del env\u00edo es de 2\u20ac en la pen\u00ednsula, 6\u20ac en las Islas Baleares y 15\u20ac en otros pa\u00edses de Europa. Cada [&hellip;]\" \/>\n<meta property=\"og:url\" content=\"https:\/\/prettywomanhairtreatment.com\/?page_id=11\" \/>\n<meta property=\"og:site_name\" content=\"PRETTY WOMAN HAIR TREATMENT\" \/>\n<meta property=\"article:modified_time\" content=\"2025-04-16T09:33:23+00:00\" \/>\n<meta name=\"twitter:card\" content=\"summary_large_image\" \/>\n<meta name=\"twitter:label1\" content=\"Tiempo de lectura\" \/>\n\t<meta name=\"twitter:data1\" content=\"1 minuto\" \/>\n<script type=\"application\/ld+json\" class=\"yoast-schema-graph\">{\"@context\":\"https:\/\/schema.org\",\"@graph\":[{\"@type\":\"WebPage\",\"@id\":\"https:\/\/prettywomanhairtreatment.com\/?page_id=11\",\"url\":\"https:\/\/prettywomanhairtreatment.com\/?page_id=11\",\"name\":\"Pol\u00edtica de devoluciones y reembolsos - PRETTY WOMAN HAIR TREATMENT\",\"isPartOf\":{\"@id\":\"https:\/\/prettywomanhairtreatment.com\/#website\"},\"datePublished\":\"2025-04-04T10:17:26+00:00\",\"dateModified\":\"2025-04-16T09:33:23+00:00\",\"breadcrumb\":{\"@id\":\"https:\/\/prettywomanhairtreatment.com\/?page_id=11#breadcrumb\"},\"inLanguage\":\"es\",\"potentialAction\":[{\"@type\":\"ReadAction\",\"target\":[\"https:\/\/prettywomanhairtreatment.com\/?page_id=11\"]}]},{\"@type\":\"BreadcrumbList\",\"@id\":\"https:\/\/prettywomanhairtreatment.com\/?page_id=11#breadcrumb\",\"itemListElement\":[{\"@type\":\"ListItem\",\"position\":1,\"name\":\"Portada\",\"item\":\"https:\/\/prettywomanhairtreatment.com\/\"},{\"@type\":\"ListItem\",\"position\":2,\"name\":\"Pol\u00edtica de devoluciones y reembolsos\"}]},{\"@type\":\"WebSite\",\"@id\":\"https:\/\/prettywomanhairtreatment.com\/#website\",\"url\":\"https:\/\/prettywomanhairtreatment.com\/\",\"name\":\"PRETTY WOMAN HAIR TREATMENT\",\"description\":\"Transforma tu cabello en minutos;  Brillo, Suavidad y Fuerza al instante.\",\"publisher\":{\"@id\":\"https:\/\/prettywomanhairtreatment.com\/#organization\"},\"potentialAction\":[{\"@type\":\"SearchAction\",\"target\":{\"@type\":\"EntryPoint\",\"urlTemplate\":\"https:\/\/prettywomanhairtreatment.com\/?s={search_term_string}\"},\"query-input\":{\"@type\":\"PropertyValueSpecification\",\"valueRequired\":true,\"valueName\":\"search_term_string\"}}],\"inLanguage\":\"es\"},{\"@type\":\"Organization\",\"@id\":\"https:\/\/prettywomanhairtreatment.com\/#organization\",\"name\":\"PRETTY WOMAN HAIR TREATMENT\",\"url\":\"https:\/\/prettywomanhairtreatment.com\/\",\"logo\":{\"@type\":\"ImageObject\",\"inLanguage\":\"es\",\"@id\":\"https:\/\/prettywomanhairtreatment.com\/#\/schema\/logo\/image\/\",\"url\":\"https:\/\/prettywomanhairtreatment.com\/wp-content\/uploads\/2025\/04\/Captura-de-pantalla-2025-04-07-a-las-12.36.58.png\",\"contentUrl\":\"https:\/\/prettywomanhairtreatment.com\/wp-content\/uploads\/2025\/04\/Captura-de-pantalla-2025-04-07-a-las-12.36.58.png\",\"width\":860,\"height\":406,\"caption\":\"PRETTY WOMAN HAIR TREATMENT\"},\"image\":{\"@id\":\"https:\/\/prettywomanhairtreatment.com\/#\/schema\/logo\/image\/\"}}]}<\/script>\n<!-- \/ Yoast SEO plugin. -->","yoast_head_json":{"title":"Pol\u00edtica de devoluciones y reembolsos - PRETTY WOMAN HAIR TREATMENT","robots":{"index":"index","follow":"follow","max-snippet":"max-snippet:-1","max-image-preview":"max-image-preview:large","max-video-preview":"max-video-preview:-1"},"canonical":"https:\/\/prettywomanhairtreatment.com\/?page_id=11","og_locale":"es_ES","og_type":"article","og_title":"Pol\u00edtica de devoluciones y reembolsos - PRETTY WOMAN HAIR TREATMENT","og_description":"Los productos son enviados al cliente en el plazo de 48 horas laborables en Espa\u00f1a. El env\u00edo es gratuito en pen\u00ednsula para los pedidos superiores a 55\u20ac. Para pedidos inferiores a 55\u20ac el coste del env\u00edo es de 2\u20ac en la pen\u00ednsula, 6\u20ac en las Islas Baleares y 15\u20ac en otros pa\u00edses de Europa. Cada [&hellip;]","og_url":"https:\/\/prettywomanhairtreatment.com\/?page_id=11","og_site_name":"PRETTY WOMAN HAIR TREATMENT","article_modified_time":"2025-04-16T09:33:23+00:00","twitter_card":"summary_large_image","twitter_misc":{"Tiempo de lectura":"1 minuto"},"schema":{"@context":"https:\/\/schema.org","@graph":[{"@type":"WebPage","@id":"https:\/\/prettywomanhairtreatment.com\/?page_id=11","url":"https:\/\/prettywomanhairtreatment.com\/?page_id=11","name":"Pol\u00edtica de devoluciones y reembolsos - PRETTY WOMAN HAIR TREATMENT","isPartOf":{"@id":"https:\/\/prettywomanhairtreatment.com\/#website"},"datePublished":"2025-04-04T10:17:26+00:00","dateModified":"2025-04-16T09:33:23+00:00","breadcrumb":{"@id":"https:\/\/prettywomanhairtreatment.com\/?page_id=11#breadcrumb"},"inLanguage":"es","potentialAction":[{"@type":"ReadAction","target":["https:\/\/prettywomanhairtreatment.com\/?page_id=11"]}]},{"@type":"BreadcrumbList","@id":"https:\/\/prettywomanhairtreatment.com\/?page_id=11#breadcrumb","itemListElement":[{"@type":"ListItem","position":1,"name":"Portada","item":"https:\/\/prettywomanhairtreatment.com\/"},{"@type":"ListItem","position":2,"name":"Pol\u00edtica de devoluciones y reembolsos"}]},{"@type":"WebSite","@id":"https:\/\/prettywomanhairtreatment.com\/#website","url":"https:\/\/prettywomanhairtreatment.com\/","name":"PRETTY WOMAN HAIR TREATMENT","description":"Transforma tu cabello en minutos;  Brillo, Suavidad y Fuerza al instante.","publisher":{"@id":"https:\/\/prettywomanhairtreatment.com\/#organization"},"potentialAction":[{"@type":"SearchAction","target":{"@type":"EntryPoint","urlTemplate":"https:\/\/prettywomanhairtreatment.com\/?s={search_term_string}"},"query-input":{"@type":"PropertyValueSpecification","valueRequired":true,"valueName":"search_term_string"}}],"inLanguage":"es"},{"@type":"Organization","@id":"https:\/\/prettywomanhairtreatment.com\/#organization","name":"PRETTY WOMAN HAIR TREATMENT","url":"https:\/\/prettywomanhairtreatment.com\/","logo":{"@type":"ImageObject","inLanguage":"es","@id":"https:\/\/prettywomanhairtreatment.com\/#\/schema\/logo\/image\/","url":"https:\/\/prettywomanhairtreatment.com\/wp-content\/uploads\/2025\/04\/Captura-de-pantalla-2025-04-07-a-las-12.36.58.png","contentUrl":"https:\/\/prettywomanhairtreatment.com\/wp-content\/uploads\/2025\/04\/Captura-de-pantalla-2025-04-07-a-las-12.36.58.png","width":860,"height":406,"caption":"PRETTY WOMAN HAIR TREATMENT"},"image":{"@id":"https:\/\/prettywomanhairtreatment.com\/#\/schema\/logo\/image\/"}}]}},"_links":{"self":[{"href":"https:\/\/prettywomanhairtreatment.com\/index.php?rest_route=\/wp\/v2\/pages\/11","targetHints":{"allow":["GET"]}}],"collection":[{"href":"https:\/\/prettywomanhairtreatment.com\/index.php?rest_route=\/wp\/v2\/pages"}],"about":[{"href":"https:\/\/prettywomanhairtreatment.com\/index.php?rest_route=\/wp\/v2\/types\/page"}],"author":[{"embeddable":true,"href":"https:\/\/prettywomanhairtreatment.com\/index.php?rest_route=\/wp\/v2\/users\/1"}],"replies":[{"embeddable":true,"href":"https:\/\/prettywomanhairtreatment.com\/index.php?rest_route=%2Fwp%2Fv2%2Fcomments&post=11"}],"version-history":[{"count":2,"href":"https:\/\/prettywomanhairtreatment.com\/index.php?rest_route=\/wp\/v2\/pages\/11\/revisions"}],"predecessor-version":[{"id":186,"href":"https:\/\/prettywomanhairtreatment.com\/index.php?rest_route=\/wp\/v2\/pages\/11\/revisions\/186"}],"wp:attachment":[{"href":"https:\/\/prettywomanhairtreatment.com\/index.php?rest_route=%2Fwp%2Fv2%2Fmedia&parent=11"}],"curies":[{"name":"wp","href":"https:\/\/api.w.org\/{rel}","templated":true}]}}