{"id":169,"date":"2025-04-09T10:26:53","date_gmt":"2025-04-09T10:26:53","guid":{"rendered":"https:\/\/prettywomanhairtreatment.com\/?page_id=169"},"modified":"2025-04-09T10:30:23","modified_gmt":"2025-04-09T10:30:23","slug":"faq","status":"publish","type":"page","link":"https:\/\/prettywomanhairtreatment.com\/?page_id=169","title":{"rendered":"FAQ"},"content":{"rendered":"<p class=\"has-text-align-left has-large-font-size\"><strong>Informaci\u00f3n del producto<\/strong><br><\/p><p class=\"has-text-align-left has-medium-font-size\"><strong>\u00bfQu\u00e9 es el tratamiento Pretty Woman y para qu\u00e9 sirve?<\/strong><br>El tratamiento capilar Pretty Woman no es solo un producto, sino una aut\u00e9ntica experiencia de belleza. Al mezclar su innovadora f\u00f3rmula con agua, se activa un poderoso tratamiento revitalizante que penetra profundamente en cada hebra de tu cabello, devolvi\u00e9ndole el brillo,<br>la suavidad y la fortaleza que cre\u00edas haber perdido.<\/p><p class=\"has-text-align-left has-medium-font-size\"><br>Dise\u00f1ado para una aplicaci\u00f3n r\u00e1pida y sencilla, Pretty Woman Hair Treatment proporciona una reparaci\u00f3n profunda y duradera, protegiendo tu cabello de los da\u00f1os causados por tratamientos qu\u00edmicos y herramientas t\u00e9rmicas. Su avanzada formulaci\u00f3n reconstruye la<br>estructura capilar desde la primera aplicaci\u00f3n y contin\u00faa repar\u00e1ndolo durante horas despu\u00e9s de su uso, dej\u00e1ndolo sano, fuerte y lleno de vida.<\/p><p class=\"has-text-align-left has-medium-font-size\"><br><strong>\u00bfCu\u00e1les son los ingredientes o materiales principales?<\/strong><br>Aceite de ricino, combinaci\u00f3n de c\u00edtricos y queratina hidrolizada.<\/p><p class=\"has-text-align-left has-medium-font-size\"><br><strong>\u00bfEs apto para todo tipo de cabello?<\/strong><br>S\u00ed.<\/p><p class=\"has-medium-font-size\"><strong>Uso y aplicaci\u00f3n<\/strong><br>\u00bfC\u00f3mo se prepara Pretty Woman Hair Treatment?<br>\u25cf Paso 1: Vierte el contenido de la botella de 30 ml en el pulverizador de microdifusi\u00f3n.<br>\u25cf Paso 2: Llena la botella, ahora vac\u00eda, con 30 ml de agua.<br>\u25cf Paso 3: A\u00f1ade el agua al pulverizador y m\u00e9zclalo bien.<\/p><p class=\"has-medium-font-size\">*Seg\u00fan el tipo de tratamiento que desees, deber\u00e1s llenar una, dos o tres botellas de agua al pulverizador.<br>a. Tratamiento Shock (1+1): A\u00f1ade 1 botella de agua (30 ml) al pulverizador, donde ya hay 30 ml de producto.<br>b. Tratamiento Reborn (1+2): A\u00f1ade 2 botellas de agua (30 ml\/u) al pulverizador, donde ya hay 30 ml de producto.<br>c. Tratamiento Maintenance (1+3): A\u00f1ade 3 botellas de agua (30 ml\/u) al pulverizador, donde ya hay 30 ml de producto.<br>d. Clean Look (1+3): A\u00f1ade 3 botellas de agua (30 ml\/u) al pulverizador, donde ya hay 30 ml de producto.<\/p><p class=\"has-medium-font-size\" style=\"margin-right:0;margin-left:0\"><strong>\u00bfC\u00f3mo se aplica el producto correctamente?<\/strong><br>Una vez que hayas mezclado 30 ml de producto con agua seg\u00fan el tratamiento elegido<br>(1+1, 1+2 o 1+3):<br><br>\u25cf Paso 1: Roc\u00eda y distribuye el producto sobre el cabello hasta humedecerlo<br>completamente, sin que gotee.<br>\u25cf Paso 2: D\u00e9jalo actuar por un m\u00ednimo de 10 minutos.<br>\u25cf Paso 3: Lava como de costumbre y acondiciona solo si lo consideras necesario.<\/p><p class=\"has-medium-font-size\"><br><strong>\u00bfDebo gastar todo el producto en cada servicio?<\/strong><br>No. Los 30 ml de producto rinden para un m\u00ednimo de 2 aplicaciones y un m\u00e1ximo de 4, dependiendo de la cantidad y porosidad del cabello. Es importante asegurarse de humedecer bien el cabello con el producto.<br>Si sobra mezcla, gu\u00e1rdala en el dosificador y ag\u00edtala bien antes de volver a usarla.<br>La mezcla tiene una vida \u00fatil m\u00e1xima de 2 meses.<\/p><p class=\"has-medium-font-size\"><br><strong>\u00bfCon qu\u00e9 frecuencia se recomienda utilizarlo?<\/strong><br>El Tratamiento Shock es el \u00fanico que no debe usarse m\u00e1s de una vez por semana. Los dem\u00e1s tratamientos pueden aplicarse tantas veces como tu cabello lo necesite.<br><br><strong>\u00bfSe puede utilizar Pretty Woman Hair si me he realizado otros tratamientos capilares?<\/strong><br>S\u00ed. Pretty Woman Hair Treatment es compatible con otros tratamientos y potencia sus efectos.<\/p><p><strong>\u00bfSe puede usar en extensiones de cabello?<\/strong><br>S\u00ed, pero solo en extensiones de cabello natural.<\/p><p class=\"has-medium-font-size\"><strong>\u00bfPuedo dormir con el producto aplicado?<\/strong><br>S\u00ed. El tiempo m\u00ednimo de exposici\u00f3n es de 10 minutos, pero en casos de cabello muy da\u00f1ado, puedes dejarlo actuar durante la noche para una reparaci\u00f3n m\u00e1s profunda.<\/p><p class=\"has-medium-font-size\"><strong>\u00bfHay alguna precauci\u00f3n a tener en cuenta?<\/strong><br>\u25cf En caso de contacto con los ojos, enjuagar inmediatamente con abundante agua.<br>\u25cf Mantener fuera del alcance de los ni\u00f1os.<br>\u25cf Almacenar en un lugar fresco y seco.<\/p><p class=\"has-medium-font-size\"><strong>Disponibilidad y compra<\/strong><br><br><strong>\u00bfD\u00f3nde puedo comprar el producto Pretty Woman Hair Treatment?<\/strong><br>A trav\u00e9s de Instagram y en puntos de venta autorizados.<\/p><p class=\"has-medium-font-size\"><strong>Env\u00edos y devoluciones<\/strong><br><br><strong>\u00bfCu\u00e1nto tarda el env\u00edo si lo compro online?<\/strong><br>El env\u00edo tarda entre 24 y 48 horas desde la compra.<br><br><strong>\u00bfC\u00f3mo puedo contactar con atenci\u00f3n al cliente si tengo alguna duda?<\/strong><br>Puedes escribirnos por mensaje directo en Instagram @prettywoman.hair o enviar un correo a info@prettywomantreatment.com<\/p><p class=\"has-medium-font-size\">Esperamos haber resuelto todas tus dudas. Si necesitas m\u00e1s informaci\u00f3n, no dudes en contactarnos. Y recuerda: tu cabello merece lo mejor. \u00a1Disfruta de la experiencia Pretty Woman Hair Treatment!.<\/p>","protected":false},"excerpt":{"rendered":"<p>Informaci\u00f3n del producto \u00bfQu\u00e9 es el tratamiento Pretty Woman y para qu\u00e9 sirve?El tratamiento capilar Pretty Woman no es solo un producto, sino una aut\u00e9ntica experiencia de belleza. Al mezclar su innovadora f\u00f3rmula con agua, se activa un poderoso tratamiento revitalizante que penetra profundamente en cada hebra de tu cabello, devolvi\u00e9ndole el brillo,la suavidad y [&hellip;]<\/p>\n","protected":false},"author":2,"featured_media":0,"parent":0,"menu_order":0,"comment_status":"closed","ping_status":"closed","template":"","meta":{"footnotes":""},"class_list":["post-169","page","type-page","status-publish","hentry"],"yoast_head":"<!-- This site is optimized with the Yoast SEO plugin v24.8.1 - https:\/\/yoast.com\/wordpress\/plugins\/seo\/ -->\n<title>FAQ - PRETTY WOMAN HAIR TREATMENT<\/title>\n<meta name=\"robots\" content=\"index, follow, max-snippet:-1, max-image-preview:large, max-video-preview:-1\" \/>\n<link rel=\"canonical\" href=\"https:\/\/prettywomanhairtreatment.com\/?page_id=169\" \/>\n<meta property=\"og:locale\" content=\"es_ES\" \/>\n<meta property=\"og:type\" content=\"article\" \/>\n<meta property=\"og:title\" content=\"FAQ - PRETTY WOMAN HAIR TREATMENT\" \/>\n<meta property=\"og:description\" content=\"Informaci\u00f3n del producto \u00bfQu\u00e9 es el tratamiento Pretty Woman y para qu\u00e9 sirve?El tratamiento capilar Pretty Woman no es solo un producto, sino una aut\u00e9ntica experiencia de belleza. Al mezclar su innovadora f\u00f3rmula con agua, se activa un poderoso tratamiento revitalizante que penetra profundamente en cada hebra de tu cabello, devolvi\u00e9ndole el brillo,la suavidad y [&hellip;]\" \/>\n<meta property=\"og:url\" content=\"https:\/\/prettywomanhairtreatment.com\/?page_id=169\" \/>\n<meta property=\"og:site_name\" content=\"PRETTY WOMAN HAIR TREATMENT\" \/>\n<meta property=\"article:modified_time\" content=\"2025-04-09T10:30:23+00:00\" \/>\n<meta name=\"twitter:card\" content=\"summary_large_image\" \/>\n<meta name=\"twitter:label1\" content=\"Tiempo de lectura\" \/>\n\t<meta name=\"twitter:data1\" content=\"4 minutos\" \/>\n<script type=\"application\/ld+json\" class=\"yoast-schema-graph\">{\"@context\":\"https:\/\/schema.org\",\"@graph\":[{\"@type\":\"WebPage\",\"@id\":\"https:\/\/prettywomanhairtreatment.com\/?page_id=169\",\"url\":\"https:\/\/prettywomanhairtreatment.com\/?page_id=169\",\"name\":\"FAQ - PRETTY WOMAN HAIR TREATMENT\",\"isPartOf\":{\"@id\":\"https:\/\/prettywomanhairtreatment.com\/#website\"},\"datePublished\":\"2025-04-09T10:26:53+00:00\",\"dateModified\":\"2025-04-09T10:30:23+00:00\",\"breadcrumb\":{\"@id\":\"https:\/\/prettywomanhairtreatment.com\/?page_id=169#breadcrumb\"},\"inLanguage\":\"es\",\"potentialAction\":[{\"@type\":\"ReadAction\",\"target\":[\"https:\/\/prettywomanhairtreatment.com\/?page_id=169\"]}]},{\"@type\":\"BreadcrumbList\",\"@id\":\"https:\/\/prettywomanhairtreatment.com\/?page_id=169#breadcrumb\",\"itemListElement\":[{\"@type\":\"ListItem\",\"position\":1,\"name\":\"Portada\",\"item\":\"https:\/\/prettywomanhairtreatment.com\/\"},{\"@type\":\"ListItem\",\"position\":2,\"name\":\"FAQ\"}]},{\"@type\":\"WebSite\",\"@id\":\"https:\/\/prettywomanhairtreatment.com\/#website\",\"url\":\"https:\/\/prettywomanhairtreatment.com\/\",\"name\":\"PRETTY WOMAN HAIR TREATMENT\",\"description\":\"Transforma tu cabello en minutos;  Brillo, Suavidad y Fuerza al instante.\",\"publisher\":{\"@id\":\"https:\/\/prettywomanhairtreatment.com\/#organization\"},\"potentialAction\":[{\"@type\":\"SearchAction\",\"target\":{\"@type\":\"EntryPoint\",\"urlTemplate\":\"https:\/\/prettywomanhairtreatment.com\/?s={search_term_string}\"},\"query-input\":{\"@type\":\"PropertyValueSpecification\",\"valueRequired\":true,\"valueName\":\"search_term_string\"}}],\"inLanguage\":\"es\"},{\"@type\":\"Organization\",\"@id\":\"https:\/\/prettywomanhairtreatment.com\/#organization\",\"name\":\"PRETTY WOMAN HAIR TREATMENT\",\"url\":\"https:\/\/prettywomanhairtreatment.com\/\",\"logo\":{\"@type\":\"ImageObject\",\"inLanguage\":\"es\",\"@id\":\"https:\/\/prettywomanhairtreatment.com\/#\/schema\/logo\/image\/\",\"url\":\"https:\/\/prettywomanhairtreatment.com\/wp-content\/uploads\/2025\/04\/Captura-de-pantalla-2025-04-07-a-las-12.36.58.png\",\"contentUrl\":\"https:\/\/prettywomanhairtreatment.com\/wp-content\/uploads\/2025\/04\/Captura-de-pantalla-2025-04-07-a-las-12.36.58.png\",\"width\":860,\"height\":406,\"caption\":\"PRETTY WOMAN HAIR TREATMENT\"},\"image\":{\"@id\":\"https:\/\/prettywomanhairtreatment.com\/#\/schema\/logo\/image\/\"}}]}<\/script>\n<!-- \/ Yoast SEO plugin. -->","yoast_head_json":{"title":"FAQ - PRETTY WOMAN HAIR TREATMENT","robots":{"index":"index","follow":"follow","max-snippet":"max-snippet:-1","max-image-preview":"max-image-preview:large","max-video-preview":"max-video-preview:-1"},"canonical":"https:\/\/prettywomanhairtreatment.com\/?page_id=169","og_locale":"es_ES","og_type":"article","og_title":"FAQ - PRETTY WOMAN HAIR TREATMENT","og_description":"Informaci\u00f3n del producto \u00bfQu\u00e9 es el tratamiento Pretty Woman y para qu\u00e9 sirve?El tratamiento capilar Pretty Woman no es solo un producto, sino una aut\u00e9ntica experiencia de belleza. Al mezclar su innovadora f\u00f3rmula con agua, se activa un poderoso tratamiento revitalizante que penetra profundamente en cada hebra de tu cabello, devolvi\u00e9ndole el brillo,la suavidad y [&hellip;]","og_url":"https:\/\/prettywomanhairtreatment.com\/?page_id=169","og_site_name":"PRETTY WOMAN HAIR TREATMENT","article_modified_time":"2025-04-09T10:30:23+00:00","twitter_card":"summary_large_image","twitter_misc":{"Tiempo de lectura":"4 minutos"},"schema":{"@context":"https:\/\/schema.org","@graph":[{"@type":"WebPage","@id":"https:\/\/prettywomanhairtreatment.com\/?page_id=169","url":"https:\/\/prettywomanhairtreatment.com\/?page_id=169","name":"FAQ - PRETTY WOMAN HAIR TREATMENT","isPartOf":{"@id":"https:\/\/prettywomanhairtreatment.com\/#website"},"datePublished":"2025-04-09T10:26:53+00:00","dateModified":"2025-04-09T10:30:23+00:00","breadcrumb":{"@id":"https:\/\/prettywomanhairtreatment.com\/?page_id=169#breadcrumb"},"inLanguage":"es","potentialAction":[{"@type":"ReadAction","target":["https:\/\/prettywomanhairtreatment.com\/?page_id=169"]}]},{"@type":"BreadcrumbList","@id":"https:\/\/prettywomanhairtreatment.com\/?page_id=169#breadcrumb","itemListElement":[{"@type":"ListItem","position":1,"name":"Portada","item":"https:\/\/prettywomanhairtreatment.com\/"},{"@type":"ListItem","position":2,"name":"FAQ"}]},{"@type":"WebSite","@id":"https:\/\/prettywomanhairtreatment.com\/#website","url":"https:\/\/prettywomanhairtreatment.com\/","name":"PRETTY WOMAN HAIR TREATMENT","description":"Transforma tu cabello en minutos;  Brillo, Suavidad y Fuerza al instante.","publisher":{"@id":"https:\/\/prettywomanhairtreatment.com\/#organization"},"potentialAction":[{"@type":"SearchAction","target":{"@type":"EntryPoint","urlTemplate":"https:\/\/prettywomanhairtreatment.com\/?s={search_term_string}"},"query-input":{"@type":"PropertyValueSpecification","valueRequired":true,"valueName":"search_term_string"}}],"inLanguage":"es"},{"@type":"Organization","@id":"https:\/\/prettywomanhairtreatment.com\/#organization","name":"PRETTY WOMAN HAIR TREATMENT","url":"https:\/\/prettywomanhairtreatment.com\/","logo":{"@type":"ImageObject","inLanguage":"es","@id":"https:\/\/prettywomanhairtreatment.com\/#\/schema\/logo\/image\/","url":"https:\/\/prettywomanhairtreatment.com\/wp-content\/uploads\/2025\/04\/Captura-de-pantalla-2025-04-07-a-las-12.36.58.png","contentUrl":"https:\/\/prettywomanhairtreatment.com\/wp-content\/uploads\/2025\/04\/Captura-de-pantalla-2025-04-07-a-las-12.36.58.png","width":860,"height":406,"caption":"PRETTY WOMAN HAIR TREATMENT"},"image":{"@id":"https:\/\/prettywomanhairtreatment.com\/#\/schema\/logo\/image\/"}}]}},"_links":{"self":[{"href":"https:\/\/prettywomanhairtreatment.com\/index.php?rest_route=\/wp\/v2\/pages\/169","targetHints":{"allow":["GET"]}}],"collection":[{"href":"https:\/\/prettywomanhairtreatment.com\/index.php?rest_route=\/wp\/v2\/pages"}],"about":[{"href":"https:\/\/prettywomanhairtreatment.com\/index.php?rest_route=\/wp\/v2\/types\/page"}],"author":[{"embeddable":true,"href":"https:\/\/prettywomanhairtreatment.com\/index.php?rest_route=\/wp\/v2\/users\/2"}],"replies":[{"embeddable":true,"href":"https:\/\/prettywomanhairtreatment.com\/index.php?rest_route=%2Fwp%2Fv2%2Fcomments&post=169"}],"version-history":[{"count":3,"href":"https:\/\/prettywomanhairtreatment.com\/index.php?rest_route=\/wp\/v2\/pages\/169\/revisions"}],"predecessor-version":[{"id":174,"href":"https:\/\/prettywomanhairtreatment.com\/index.php?rest_route=\/wp\/v2\/pages\/169\/revisions\/174"}],"wp:attachment":[{"href":"https:\/\/prettywomanhairtreatment.com\/index.php?rest_route=%2Fwp%2Fv2%2Fmedia&parent=169"}],"curies":[{"name":"wp","href":"https:\/\/api.w.org\/{rel}","templated":true}]}}