{"id":3,"date":"2025-04-03T14:06:19","date_gmt":"2025-04-03T14:06:19","guid":{"rendered":"https:\/\/prettywomanhairtreatment.com\/?page_id=3"},"modified":"2025-04-04T10:18:48","modified_gmt":"2025-04-04T10:18:48","slug":"privacy-policy","status":"publish","type":"page","link":"https:\/\/prettywomanhairtreatment.com\/?page_id=3","title":{"rendered":"Aviso legal"},"content":{"rendered":"<p>A &amp; M Look, S.L., en su condici\u00f3n de titular y responsable del sitio web, en cumplimiento con lo establecido en el art\u00edculo 10 de la Ley 34\/2002, de 11 de julio, de Servicios de la Sociedad de la Informaci\u00f3n y de Comercio Electr\u00f3nico, pone a disposici\u00f3n de los usuarios la siguiente informaci\u00f3n de car\u00e1cter general:<\/p><p>A &amp; M Look, S.L., est\u00e1 domiciliada en: Pol\u00edgono industrial Mas d&#8217;en Bosch, S\/N, NAU 3.15 \u2013 17500 Ripoll (Girona), inscrita en el Registro Mercantil de BARCELONA T 35099 , F 191, S 8, H B 260897, I\/A 1 (17.12.02), con el CIF B63029599.<\/p><p>Para cualquier consulta o reclamaci\u00f3n relativa a estas p\u00e1ginas. o a la informaci\u00f3n o a los productos y servicios, los usuarios pueden dirigirse a la siguiente direcci\u00f3n:<\/p><p>A&amp;M Look, S.L.<br>Pol\u00edgono industrial Mas d&#8217;en Bosch, S\/N, Nau 3.15<br>Ripoll \u2013 17500<br>Tel.: 972 721 289<br><a href=\"mailto:info@evol-xxi.com\">info@evol-xxi.com<\/a><\/p>","protected":false},"excerpt":{"rendered":"<p>A &amp; M Look, S.L., en su condici\u00f3n de titular y responsable del sitio web, en cumplimiento con lo establecido en el art\u00edculo 10 de la Ley 34\/2002, de 11 de julio, de Servicios de la Sociedad de la Informaci\u00f3n y de Comercio Electr\u00f3nico, pone a disposici\u00f3n de los usuarios la siguiente informaci\u00f3n de car\u00e1cter [&hellip;]<\/p>\n","protected":false},"author":1,"featured_media":0,"parent":0,"menu_order":0,"comment_status":"closed","ping_status":"open","template":"","meta":{"footnotes":""},"class_list":["post-3","page","type-page","status-publish","hentry"],"yoast_head":"<!-- This site is optimized with the Yoast SEO plugin v24.8.1 - https:\/\/yoast.com\/wordpress\/plugins\/seo\/ -->\n<title>Aviso legal - PRETTY WOMAN HAIR TREATMENT<\/title>\n<meta name=\"robots\" content=\"index, follow, max-snippet:-1, max-image-preview:large, max-video-preview:-1\" \/>\n<link rel=\"canonical\" href=\"https:\/\/prettywomanhairtreatment.com\/?page_id=3\" \/>\n<meta property=\"og:locale\" content=\"es_ES\" \/>\n<meta property=\"og:type\" content=\"article\" \/>\n<meta property=\"og:title\" content=\"Aviso legal - PRETTY WOMAN HAIR TREATMENT\" \/>\n<meta property=\"og:description\" content=\"A &amp; M Look, S.L., en su condici\u00f3n de titular y responsable del sitio web, en cumplimiento con lo establecido en el art\u00edculo 10 de la Ley 34\/2002, de 11 de julio, de Servicios de la Sociedad de la Informaci\u00f3n y de Comercio Electr\u00f3nico, pone a disposici\u00f3n de los usuarios la siguiente informaci\u00f3n de car\u00e1cter [&hellip;]\" \/>\n<meta property=\"og:url\" content=\"https:\/\/prettywomanhairtreatment.com\/?page_id=3\" \/>\n<meta property=\"og:site_name\" content=\"PRETTY WOMAN HAIR TREATMENT\" \/>\n<meta property=\"article:modified_time\" content=\"2025-04-04T10:18:48+00:00\" \/>\n<meta name=\"twitter:card\" content=\"summary_large_image\" \/>\n<meta name=\"twitter:label1\" content=\"Tiempo de lectura\" \/>\n\t<meta name=\"twitter:data1\" content=\"1 minuto\" \/>\n<script type=\"application\/ld+json\" class=\"yoast-schema-graph\">{\"@context\":\"https:\/\/schema.org\",\"@graph\":[{\"@type\":\"WebPage\",\"@id\":\"https:\/\/prettywomanhairtreatment.com\/?page_id=3\",\"url\":\"https:\/\/prettywomanhairtreatment.com\/?page_id=3\",\"name\":\"Aviso legal - PRETTY WOMAN HAIR TREATMENT\",\"isPartOf\":{\"@id\":\"https:\/\/prettywomanhairtreatment.com\/#website\"},\"datePublished\":\"2025-04-03T14:06:19+00:00\",\"dateModified\":\"2025-04-04T10:18:48+00:00\",\"breadcrumb\":{\"@id\":\"https:\/\/prettywomanhairtreatment.com\/?page_id=3#breadcrumb\"},\"inLanguage\":\"es\",\"potentialAction\":[{\"@type\":\"ReadAction\",\"target\":[\"https:\/\/prettywomanhairtreatment.com\/?page_id=3\"]}]},{\"@type\":\"BreadcrumbList\",\"@id\":\"https:\/\/prettywomanhairtreatment.com\/?page_id=3#breadcrumb\",\"itemListElement\":[{\"@type\":\"ListItem\",\"position\":1,\"name\":\"Portada\",\"item\":\"https:\/\/prettywomanhairtreatment.com\/\"},{\"@type\":\"ListItem\",\"position\":2,\"name\":\"Aviso legal\"}]},{\"@type\":\"WebSite\",\"@id\":\"https:\/\/prettywomanhairtreatment.com\/#website\",\"url\":\"https:\/\/prettywomanhairtreatment.com\/\",\"name\":\"PRETTY WOMAN HAIR TREATMENT\",\"description\":\"Transforma tu cabello en minutos;  Brillo, Suavidad y Fuerza al instante.\",\"publisher\":{\"@id\":\"https:\/\/prettywomanhairtreatment.com\/#organization\"},\"potentialAction\":[{\"@type\":\"SearchAction\",\"target\":{\"@type\":\"EntryPoint\",\"urlTemplate\":\"https:\/\/prettywomanhairtreatment.com\/?s={search_term_string}\"},\"query-input\":{\"@type\":\"PropertyValueSpecification\",\"valueRequired\":true,\"valueName\":\"search_term_string\"}}],\"inLanguage\":\"es\"},{\"@type\":\"Organization\",\"@id\":\"https:\/\/prettywomanhairtreatment.com\/#organization\",\"name\":\"PRETTY WOMAN HAIR TREATMENT\",\"url\":\"https:\/\/prettywomanhairtreatment.com\/\",\"logo\":{\"@type\":\"ImageObject\",\"inLanguage\":\"es\",\"@id\":\"https:\/\/prettywomanhairtreatment.com\/#\/schema\/logo\/image\/\",\"url\":\"https:\/\/prettywomanhairtreatment.com\/wp-content\/uploads\/2025\/04\/Captura-de-pantalla-2025-04-07-a-las-12.36.58.png\",\"contentUrl\":\"https:\/\/prettywomanhairtreatment.com\/wp-content\/uploads\/2025\/04\/Captura-de-pantalla-2025-04-07-a-las-12.36.58.png\",\"width\":860,\"height\":406,\"caption\":\"PRETTY WOMAN HAIR TREATMENT\"},\"image\":{\"@id\":\"https:\/\/prettywomanhairtreatment.com\/#\/schema\/logo\/image\/\"}}]}<\/script>\n<!-- \/ Yoast SEO plugin. -->","yoast_head_json":{"title":"Aviso legal - PRETTY WOMAN HAIR TREATMENT","robots":{"index":"index","follow":"follow","max-snippet":"max-snippet:-1","max-image-preview":"max-image-preview:large","max-video-preview":"max-video-preview:-1"},"canonical":"https:\/\/prettywomanhairtreatment.com\/?page_id=3","og_locale":"es_ES","og_type":"article","og_title":"Aviso legal - PRETTY WOMAN HAIR TREATMENT","og_description":"A &amp; M Look, S.L., en su condici\u00f3n de titular y responsable del sitio web, en cumplimiento con lo establecido en el art\u00edculo 10 de la Ley 34\/2002, de 11 de julio, de Servicios de la Sociedad de la Informaci\u00f3n y de Comercio Electr\u00f3nico, pone a disposici\u00f3n de los usuarios la siguiente informaci\u00f3n de car\u00e1cter [&hellip;]","og_url":"https:\/\/prettywomanhairtreatment.com\/?page_id=3","og_site_name":"PRETTY WOMAN HAIR TREATMENT","article_modified_time":"2025-04-04T10:18:48+00:00","twitter_card":"summary_large_image","twitter_misc":{"Tiempo de lectura":"1 minuto"},"schema":{"@context":"https:\/\/schema.org","@graph":[{"@type":"WebPage","@id":"https:\/\/prettywomanhairtreatment.com\/?page_id=3","url":"https:\/\/prettywomanhairtreatment.com\/?page_id=3","name":"Aviso legal - PRETTY WOMAN HAIR TREATMENT","isPartOf":{"@id":"https:\/\/prettywomanhairtreatment.com\/#website"},"datePublished":"2025-04-03T14:06:19+00:00","dateModified":"2025-04-04T10:18:48+00:00","breadcrumb":{"@id":"https:\/\/prettywomanhairtreatment.com\/?page_id=3#breadcrumb"},"inLanguage":"es","potentialAction":[{"@type":"ReadAction","target":["https:\/\/prettywomanhairtreatment.com\/?page_id=3"]}]},{"@type":"BreadcrumbList","@id":"https:\/\/prettywomanhairtreatment.com\/?page_id=3#breadcrumb","itemListElement":[{"@type":"ListItem","position":1,"name":"Portada","item":"https:\/\/prettywomanhairtreatment.com\/"},{"@type":"ListItem","position":2,"name":"Aviso legal"}]},{"@type":"WebSite","@id":"https:\/\/prettywomanhairtreatment.com\/#website","url":"https:\/\/prettywomanhairtreatment.com\/","name":"PRETTY WOMAN HAIR TREATMENT","description":"Transforma tu cabello en minutos;  Brillo, Suavidad y Fuerza al instante.","publisher":{"@id":"https:\/\/prettywomanhairtreatment.com\/#organization"},"potentialAction":[{"@type":"SearchAction","target":{"@type":"EntryPoint","urlTemplate":"https:\/\/prettywomanhairtreatment.com\/?s={search_term_string}"},"query-input":{"@type":"PropertyValueSpecification","valueRequired":true,"valueName":"search_term_string"}}],"inLanguage":"es"},{"@type":"Organization","@id":"https:\/\/prettywomanhairtreatment.com\/#organization","name":"PRETTY WOMAN HAIR TREATMENT","url":"https:\/\/prettywomanhairtreatment.com\/","logo":{"@type":"ImageObject","inLanguage":"es","@id":"https:\/\/prettywomanhairtreatment.com\/#\/schema\/logo\/image\/","url":"https:\/\/prettywomanhairtreatment.com\/wp-content\/uploads\/2025\/04\/Captura-de-pantalla-2025-04-07-a-las-12.36.58.png","contentUrl":"https:\/\/prettywomanhairtreatment.com\/wp-content\/uploads\/2025\/04\/Captura-de-pantalla-2025-04-07-a-las-12.36.58.png","width":860,"height":406,"caption":"PRETTY WOMAN HAIR TREATMENT"},"image":{"@id":"https:\/\/prettywomanhairtreatment.com\/#\/schema\/logo\/image\/"}}]}},"_links":{"self":[{"href":"https:\/\/prettywomanhairtreatment.com\/index.php?rest_route=\/wp\/v2\/pages\/3","targetHints":{"allow":["GET"]}}],"collection":[{"href":"https:\/\/prettywomanhairtreatment.com\/index.php?rest_route=\/wp\/v2\/pages"}],"about":[{"href":"https:\/\/prettywomanhairtreatment.com\/index.php?rest_route=\/wp\/v2\/types\/page"}],"author":[{"embeddable":true,"href":"https:\/\/prettywomanhairtreatment.com\/index.php?rest_route=\/wp\/v2\/users\/1"}],"replies":[{"embeddable":true,"href":"https:\/\/prettywomanhairtreatment.com\/index.php?rest_route=%2Fwp%2Fv2%2Fcomments&post=3"}],"version-history":[{"count":2,"href":"https:\/\/prettywomanhairtreatment.com\/index.php?rest_route=\/wp\/v2\/pages\/3\/revisions"}],"predecessor-version":[{"id":154,"href":"https:\/\/prettywomanhairtreatment.com\/index.php?rest_route=\/wp\/v2\/pages\/3\/revisions\/154"}],"wp:attachment":[{"href":"https:\/\/prettywomanhairtreatment.com\/index.php?rest_route=%2Fwp%2Fv2%2Fmedia&parent=3"}],"curies":[{"name":"wp","href":"https:\/\/api.w.org\/{rel}","templated":true}]}}