{"id":86,"date":"2025-04-03T21:09:24","date_gmt":"2025-04-03T21:09:24","guid":{"rendered":"https:\/\/prettywomanhairtreatment.com\/?post_type=product&#038;p=86"},"modified":"2025-04-04T10:48:36","modified_gmt":"2025-04-04T10:48:36","slug":"pwrt01-refill-treatment-x2","status":"publish","type":"product","link":"https:\/\/prettywomanhairtreatment.com\/?product=pwrt01-refill-treatment-x2","title":{"rendered":"PWRT01 Refill Treatment x2"},"content":{"rendered":"<p>2 botellas de 30 ml de producto.<\/p>\n","protected":false},"excerpt":{"rendered":"<p>Pretty Woman Hair Treatment nace para adaptarse a la vida moderna, ofreciendo un tratamiento eficaz y de f\u00e1cil aplicaci\u00f3n para todas las mujeres. Ideal para usar en el sal\u00f3n, en casa, en el gimnasio o incluso mientras duermes, se convierte en un imprescindible para tu rutina diaria.<\/p>\n","protected":false},"featured_media":87,"template":"","meta":[],"product_brand":[],"product_cat":[27],"product_tag":[22,23],"class_list":{"0":"post-86","1":"product","2":"type-product","3":"status-publish","4":"has-post-thumbnail","6":"product_cat-hair-treatment","7":"product_tag-pwrt01","8":"product_tag-refill-treatment-x2","10":"first","11":"instock","12":"taxable","13":"shipping-taxable","14":"purchasable","15":"product-type-simple"},"yoast_head":"<!-- This site is optimized with the Yoast SEO plugin v24.8.1 - https:\/\/yoast.com\/wordpress\/plugins\/seo\/ -->\n<title>PWRT01 Refill Treatment x2 - PRETTY WOMAN HAIR TREATMENT<\/title>\n<meta name=\"robots\" content=\"index, follow, max-snippet:-1, max-image-preview:large, max-video-preview:-1\" \/>\n<link rel=\"canonical\" href=\"https:\/\/prettywomanhairtreatment.com\/?product=pwrt01-refill-treatment-x2\" \/>\n<meta property=\"og:locale\" content=\"es_ES\" \/>\n<meta property=\"og:type\" content=\"article\" \/>\n<meta property=\"og:title\" content=\"PWRT01 Refill Treatment x2 - PRETTY WOMAN HAIR TREATMENT\" \/>\n<meta property=\"og:description\" content=\"Pretty Woman Hair Treatment nace para adaptarse a la vida moderna, ofreciendo un tratamiento eficaz y de f\u00e1cil aplicaci\u00f3n para todas las mujeres. Ideal para usar en el sal\u00f3n, en casa, en el gimnasio o incluso mientras duermes, se convierte en un imprescindible para tu rutina diaria.\" \/>\n<meta property=\"og:url\" content=\"https:\/\/prettywomanhairtreatment.com\/?product=pwrt01-refill-treatment-x2\" \/>\n<meta property=\"og:site_name\" content=\"PRETTY WOMAN HAIR TREATMENT\" \/>\n<meta property=\"article:modified_time\" content=\"2025-04-04T10:48:36+00:00\" \/>\n<meta property=\"og:image\" content=\"https:\/\/prettywomanhairtreatment.com\/wp-content\/uploads\/2025\/04\/producte2-scaled.jpeg\" \/>\n\t<meta property=\"og:image:width\" content=\"1707\" \/>\n\t<meta property=\"og:image:height\" content=\"2560\" \/>\n\t<meta property=\"og:image:type\" content=\"image\/jpeg\" \/>\n<meta name=\"twitter:card\" content=\"summary_large_image\" \/>\n<meta name=\"twitter:label1\" content=\"Tiempo de lectura\" \/>\n\t<meta name=\"twitter:data1\" content=\"1 minuto\" \/>\n<script type=\"application\/ld+json\" class=\"yoast-schema-graph\">{\"@context\":\"https:\/\/schema.org\",\"@graph\":[{\"@type\":\"WebPage\",\"@id\":\"https:\/\/prettywomanhairtreatment.com\/?product=pwrt01-refill-treatment-x2\",\"url\":\"https:\/\/prettywomanhairtreatment.com\/?product=pwrt01-refill-treatment-x2\",\"name\":\"PWRT01 Refill Treatment x2 - PRETTY WOMAN HAIR TREATMENT\",\"isPartOf\":{\"@id\":\"https:\/\/prettywomanhairtreatment.com\/#website\"},\"primaryImageOfPage\":{\"@id\":\"https:\/\/prettywomanhairtreatment.com\/?product=pwrt01-refill-treatment-x2#primaryimage\"},\"image\":{\"@id\":\"https:\/\/prettywomanhairtreatment.com\/?product=pwrt01-refill-treatment-x2#primaryimage\"},\"thumbnailUrl\":\"https:\/\/prettywomanhairtreatment.com\/wp-content\/uploads\/2025\/04\/producte2-scaled.jpeg\",\"datePublished\":\"2025-04-03T21:09:24+00:00\",\"dateModified\":\"2025-04-04T10:48:36+00:00\",\"breadcrumb\":{\"@id\":\"https:\/\/prettywomanhairtreatment.com\/?product=pwrt01-refill-treatment-x2#breadcrumb\"},\"inLanguage\":\"es\",\"potentialAction\":[{\"@type\":\"ReadAction\",\"target\":[\"https:\/\/prettywomanhairtreatment.com\/?product=pwrt01-refill-treatment-x2\"]}]},{\"@type\":\"ImageObject\",\"inLanguage\":\"es\",\"@id\":\"https:\/\/prettywomanhairtreatment.com\/?product=pwrt01-refill-treatment-x2#primaryimage\",\"url\":\"https:\/\/prettywomanhairtreatment.com\/wp-content\/uploads\/2025\/04\/producte2-scaled.jpeg\",\"contentUrl\":\"https:\/\/prettywomanhairtreatment.com\/wp-content\/uploads\/2025\/04\/producte2-scaled.jpeg\",\"width\":1707,\"height\":2560},{\"@type\":\"BreadcrumbList\",\"@id\":\"https:\/\/prettywomanhairtreatment.com\/?product=pwrt01-refill-treatment-x2#breadcrumb\",\"itemListElement\":[{\"@type\":\"ListItem\",\"position\":1,\"name\":\"Portada\",\"item\":\"https:\/\/prettywomanhairtreatment.com\/\"},{\"@type\":\"ListItem\",\"position\":2,\"name\":\"Tienda\",\"item\":\"https:\/\/prettywomanhairtreatment.com\/?page_id=7\"},{\"@type\":\"ListItem\",\"position\":3,\"name\":\"PWRT01 Refill Treatment x2\"}]},{\"@type\":\"WebSite\",\"@id\":\"https:\/\/prettywomanhairtreatment.com\/#website\",\"url\":\"https:\/\/prettywomanhairtreatment.com\/\",\"name\":\"PRETTY WOMAN HAIR TREATMENT\",\"description\":\"Transforma tu cabello en minutos;  Brillo, Suavidad y Fuerza al instante.\",\"publisher\":{\"@id\":\"https:\/\/prettywomanhairtreatment.com\/#organization\"},\"potentialAction\":[{\"@type\":\"SearchAction\",\"target\":{\"@type\":\"EntryPoint\",\"urlTemplate\":\"https:\/\/prettywomanhairtreatment.com\/?s={search_term_string}\"},\"query-input\":{\"@type\":\"PropertyValueSpecification\",\"valueRequired\":true,\"valueName\":\"search_term_string\"}}],\"inLanguage\":\"es\"},{\"@type\":\"Organization\",\"@id\":\"https:\/\/prettywomanhairtreatment.com\/#organization\",\"name\":\"PRETTY WOMAN HAIR TREATMENT\",\"url\":\"https:\/\/prettywomanhairtreatment.com\/\",\"logo\":{\"@type\":\"ImageObject\",\"inLanguage\":\"es\",\"@id\":\"https:\/\/prettywomanhairtreatment.com\/#\/schema\/logo\/image\/\",\"url\":\"https:\/\/prettywomanhairtreatment.com\/wp-content\/uploads\/2025\/04\/Captura-de-pantalla-2025-04-07-a-las-12.36.58.png\",\"contentUrl\":\"https:\/\/prettywomanhairtreatment.com\/wp-content\/uploads\/2025\/04\/Captura-de-pantalla-2025-04-07-a-las-12.36.58.png\",\"width\":860,\"height\":406,\"caption\":\"PRETTY WOMAN HAIR TREATMENT\"},\"image\":{\"@id\":\"https:\/\/prettywomanhairtreatment.com\/#\/schema\/logo\/image\/\"}}]}<\/script>\n<!-- \/ Yoast SEO plugin. -->","yoast_head_json":{"title":"PWRT01 Refill Treatment x2 - PRETTY WOMAN HAIR TREATMENT","robots":{"index":"index","follow":"follow","max-snippet":"max-snippet:-1","max-image-preview":"max-image-preview:large","max-video-preview":"max-video-preview:-1"},"canonical":"https:\/\/prettywomanhairtreatment.com\/?product=pwrt01-refill-treatment-x2","og_locale":"es_ES","og_type":"article","og_title":"PWRT01 Refill Treatment x2 - PRETTY WOMAN HAIR TREATMENT","og_description":"Pretty Woman Hair Treatment nace para adaptarse a la vida moderna, ofreciendo un tratamiento eficaz y de f\u00e1cil aplicaci\u00f3n para todas las mujeres. Ideal para usar en el sal\u00f3n, en casa, en el gimnasio o incluso mientras duermes, se convierte en un imprescindible para tu rutina diaria.","og_url":"https:\/\/prettywomanhairtreatment.com\/?product=pwrt01-refill-treatment-x2","og_site_name":"PRETTY WOMAN HAIR TREATMENT","article_modified_time":"2025-04-04T10:48:36+00:00","og_image":[{"width":1707,"height":2560,"url":"https:\/\/prettywomanhairtreatment.com\/wp-content\/uploads\/2025\/04\/producte2-scaled.jpeg","type":"image\/jpeg"}],"twitter_card":"summary_large_image","twitter_misc":{"Tiempo de lectura":"1 minuto"},"schema":{"@context":"https:\/\/schema.org","@graph":[{"@type":"WebPage","@id":"https:\/\/prettywomanhairtreatment.com\/?product=pwrt01-refill-treatment-x2","url":"https:\/\/prettywomanhairtreatment.com\/?product=pwrt01-refill-treatment-x2","name":"PWRT01 Refill Treatment x2 - PRETTY WOMAN HAIR TREATMENT","isPartOf":{"@id":"https:\/\/prettywomanhairtreatment.com\/#website"},"primaryImageOfPage":{"@id":"https:\/\/prettywomanhairtreatment.com\/?product=pwrt01-refill-treatment-x2#primaryimage"},"image":{"@id":"https:\/\/prettywomanhairtreatment.com\/?product=pwrt01-refill-treatment-x2#primaryimage"},"thumbnailUrl":"https:\/\/prettywomanhairtreatment.com\/wp-content\/uploads\/2025\/04\/producte2-scaled.jpeg","datePublished":"2025-04-03T21:09:24+00:00","dateModified":"2025-04-04T10:48:36+00:00","breadcrumb":{"@id":"https:\/\/prettywomanhairtreatment.com\/?product=pwrt01-refill-treatment-x2#breadcrumb"},"inLanguage":"es","potentialAction":[{"@type":"ReadAction","target":["https:\/\/prettywomanhairtreatment.com\/?product=pwrt01-refill-treatment-x2"]}]},{"@type":"ImageObject","inLanguage":"es","@id":"https:\/\/prettywomanhairtreatment.com\/?product=pwrt01-refill-treatment-x2#primaryimage","url":"https:\/\/prettywomanhairtreatment.com\/wp-content\/uploads\/2025\/04\/producte2-scaled.jpeg","contentUrl":"https:\/\/prettywomanhairtreatment.com\/wp-content\/uploads\/2025\/04\/producte2-scaled.jpeg","width":1707,"height":2560},{"@type":"BreadcrumbList","@id":"https:\/\/prettywomanhairtreatment.com\/?product=pwrt01-refill-treatment-x2#breadcrumb","itemListElement":[{"@type":"ListItem","position":1,"name":"Portada","item":"https:\/\/prettywomanhairtreatment.com\/"},{"@type":"ListItem","position":2,"name":"Tienda","item":"https:\/\/prettywomanhairtreatment.com\/?page_id=7"},{"@type":"ListItem","position":3,"name":"PWRT01 Refill Treatment x2"}]},{"@type":"WebSite","@id":"https:\/\/prettywomanhairtreatment.com\/#website","url":"https:\/\/prettywomanhairtreatment.com\/","name":"PRETTY WOMAN HAIR TREATMENT","description":"Transforma tu cabello en minutos;  Brillo, Suavidad y Fuerza al instante.","publisher":{"@id":"https:\/\/prettywomanhairtreatment.com\/#organization"},"potentialAction":[{"@type":"SearchAction","target":{"@type":"EntryPoint","urlTemplate":"https:\/\/prettywomanhairtreatment.com\/?s={search_term_string}"},"query-input":{"@type":"PropertyValueSpecification","valueRequired":true,"valueName":"search_term_string"}}],"inLanguage":"es"},{"@type":"Organization","@id":"https:\/\/prettywomanhairtreatment.com\/#organization","name":"PRETTY WOMAN HAIR TREATMENT","url":"https:\/\/prettywomanhairtreatment.com\/","logo":{"@type":"ImageObject","inLanguage":"es","@id":"https:\/\/prettywomanhairtreatment.com\/#\/schema\/logo\/image\/","url":"https:\/\/prettywomanhairtreatment.com\/wp-content\/uploads\/2025\/04\/Captura-de-pantalla-2025-04-07-a-las-12.36.58.png","contentUrl":"https:\/\/prettywomanhairtreatment.com\/wp-content\/uploads\/2025\/04\/Captura-de-pantalla-2025-04-07-a-las-12.36.58.png","width":860,"height":406,"caption":"PRETTY WOMAN HAIR TREATMENT"},"image":{"@id":"https:\/\/prettywomanhairtreatment.com\/#\/schema\/logo\/image\/"}}]}},"_links":{"self":[{"href":"https:\/\/prettywomanhairtreatment.com\/index.php?rest_route=\/wp\/v2\/product\/86","targetHints":{"allow":["GET"]}}],"collection":[{"href":"https:\/\/prettywomanhairtreatment.com\/index.php?rest_route=\/wp\/v2\/product"}],"about":[{"href":"https:\/\/prettywomanhairtreatment.com\/index.php?rest_route=\/wp\/v2\/types\/product"}],"wp:featuredmedia":[{"embeddable":true,"href":"https:\/\/prettywomanhairtreatment.com\/index.php?rest_route=\/wp\/v2\/media\/87"}],"wp:attachment":[{"href":"https:\/\/prettywomanhairtreatment.com\/index.php?rest_route=%2Fwp%2Fv2%2Fmedia&parent=86"}],"wp:term":[{"taxonomy":"product_brand","embeddable":true,"href":"https:\/\/prettywomanhairtreatment.com\/index.php?rest_route=%2Fwp%2Fv2%2Fproduct_brand&post=86"},{"taxonomy":"product_cat","embeddable":true,"href":"https:\/\/prettywomanhairtreatment.com\/index.php?rest_route=%2Fwp%2Fv2%2Fproduct_cat&post=86"},{"taxonomy":"product_tag","embeddable":true,"href":"https:\/\/prettywomanhairtreatment.com\/index.php?rest_route=%2Fwp%2Fv2%2Fproduct_tag&post=86"}],"curies":[{"name":"wp","href":"https:\/\/api.w.org\/{rel}","templated":true}]}}